{"id":17805,"date":"2025-03-25T13:26:12","date_gmt":"2025-03-25T13:26:12","guid":{"rendered":"https:\/\/protectiva.pl\/product\/barrier-cream-perineal-wipe\/"},"modified":"2025-03-28T19:10:52","modified_gmt":"2025-03-28T19:10:52","slug":"barrierecreme-perineale-doekjes","status":"publish","type":"product","link":"https:\/\/protectiva.nl\/nl\/product\/barrierecreme-perineale-doekjes\/","title":{"rendered":"Barri\u00e8recr\u00e8me perineale doekjes"},"content":{"rendered":"<p><a href=\"https:\/\/protectiva.nl\/wp-content\/uploads\/2025\/03\/MC-0025.pdf\">MC-0025<\/a>1.<\/p>\n<p>Algemene productbeschrijving<\/p>\n<p>Het helpt de intacte huid van het perineale gebied te beschermen tegen dermatitis die wordt veroorzaakt door incontinentie<br \/>\nvan pati\u00ebnten met beperkte mobiliteit, bedlegerige pati\u00ebnten en pati\u00ebnten met speciale behoeften, zoals pati\u00ebnten op de intensive care.<br \/>\nPati\u00ebnten met incontinentie lopen het risico incontinentie-geassocieerde dermatitis (IAD) te ontwikkelen. Dit brengt<br \/>\nlopen ze het risico een huidbeschadiging te ontwikkelen. Onderzoek toont aan dat huidbeschadiging verminderd kan worden door<br \/>\nhet aanbrengen van een barri\u00e8re na elke incontinentie-episode. Med-Cover Barrier Cream met dimethicone<br \/>\nMet Perineal Wipe kunt u consistente pati\u00ebntenzorg bieden door telkens een effectieve barri\u00e8re aan te brengen.<br \/>\nElk doekje zorgt voor reiniging, hydratatie, desodorisatie, behandeling en bescherming van de huid, alles in \u00e9\u00e9n<br \/>\neen.<br \/>\nDe formule van dimethicone helpt bij de behandeling en preventie van perineale dermatitis; helpt vocht af te sluiten Ademend,<br \/>\nTransparante dimethiconebarri\u00e8re vergemakkelijkt de beoordeling van de huid. CHG-compatibel en parabenenvrij. Niet<br \/>\nirritant.<br \/>\n2. Gebruiksaanwijzing<br \/>\nDraag rubberen handschoenen om contact met lichaamsvloeistoffen te vermijden v\u00f3\u00f3r gebruik. Open de verpakking vanaf &#039;&#039;<br \/>\n&#039;Hier openen&#039; op het etiket. Voorzichtig aanbrengen vanwege de gevoeligheid van de perineale regio. Gebruik<br \/>\nEen apart doekje voor elk lichaamsdeel. Geen extra water, spoeling of andere reinigingsproducten nodig.<br \/>\n3. Gebruiksaanwijzing voor magnetron (optioneel)<br \/>\na. Doe het pakket in de magnetron.<br \/>\nb. Houd 20 seconden vast op 700W.<br \/>\nc. Controleer de temperatuur van de doekjes.<br \/>\nd. Niet gebruiken bij temperaturen hoger dan 35-40\u00b0C.<br \/>\n4. Voorzichtigheid en eerste hulp:<br \/>\n\u2022 Gebruik geen beschadigde verpakkingsproducten.<br \/>\n\u2022 Producten zijn reinigings- en verzorgingsproducten.<br \/>\n\u2022 Gebruikte producten niet hergebruiken.<br \/>\n\u2022 Baby&#039;s van 0-6 maanden, vrouwen die borstvoeding geven en zwangere vrouwen moeten het middel alleen gebruiken onder toezicht van een arts.<br \/>\n\u2022 Gebruik geen reinigingsmiddel voor en na het gebruik van dit product.<br \/>\n\u2022 Vermijd contact met de ogen. Indien toch contact met de ogen optreedt, de ogen met veel water spoelen.<\/p>\n<p>5. Presentaties:<\/p>\n<p>Med-cover Barrier Cream Perineal Wipe is verkrijgbaar in verpakkingen van 8 stuks, 12 stuks, 25 stuks en 50 stuks.<br \/>\nEen gedetailleerde productlijst vindt u in de onderstaande tabel.<\/p>\n<table style=\"height: 165px\" width=\"879\">\n<tbody>\n<tr>\n<td width=\"120\"><strong>Streepjescode<\/strong><\/td>\n<td width=\"97\"><strong>Referentie <\/strong><strong>Nee<\/strong><\/td>\n<td width=\"189\"><strong>Product<\/strong><strong> naam<\/strong><\/td>\n<td width=\"76\"><strong>Hoeveelheid<\/strong><\/td>\n<td width=\"123\"><strong>Classificatie<\/strong><\/td>\n<\/tr>\n<tr>\n<td width=\"120\">8681020477007<\/td>\n<td width=\"97\">MCP008<\/td>\n<td width=\"189\">Barri\u00e8recr\u00e8me perineale doekjes<\/td>\n<td width=\"76\">8 stuks<\/td>\n<td width=\"123\">Klasse I-overig<\/td>\n<\/tr>\n<tr>\n<td width=\"120\">8681020477021<\/td>\n<td width=\"97\">MCP0012<\/td>\n<td width=\"189\">Barri\u00e8recr\u00e8me perineale doekjes<\/td>\n<td width=\"76\">12 stuks<\/td>\n<td width=\"123\">Klasse I - overig<\/td>\n<\/tr>\n<tr>\n<td width=\"120\">8681020477045<\/td>\n<td width=\"97\">MCP0025<\/td>\n<td width=\"189\">Barri\u00e8recr\u00e8me perineale doekjes<\/td>\n<td width=\"76\">25 stuks<\/td>\n<td width=\"123\">Klasse I \u2013 overig<\/td>\n<\/tr>\n<tr>\n<td width=\"120\">8681020477113<\/td>\n<td width=\"97\">MCP0050<\/td>\n<td width=\"189\">Barri\u00e8recr\u00e8me perineale doekjes<\/td>\n<td width=\"76\">50 stuks<\/td>\n<td width=\"123\">Klasse I \u2013 overig<\/td>\n<\/tr>\n<\/tbody>\n<\/table>\n<p>6. Ingredi\u00ebnt<\/p>\n<table style=\"height: 625px\" width=\"1034\">\n<tbody>\n<tr>\n<td width=\"302\"><strong>INCI-naam:<\/strong><\/td>\n<td width=\"302\"><strong>Functie<\/strong><\/td>\n<\/tr>\n<tr>\n<td width=\"302\">Aqua<\/td>\n<td width=\"302\">Oplosmiddel<\/td>\n<\/tr>\n<tr>\n<td width=\"302\">Dimethicone<\/td>\n<td width=\"302\">Actieve stof die een mechanische barri\u00e8re vormt<\/td>\n<\/tr>\n<tr>\n<td width=\"302\">Linoleamidopropyl Pg-dimoniumchloridefosfaat (fosfolipide),<\/td>\n<td width=\"302\">Hydraterend en huidverzorging<\/td>\n<\/tr>\n<tr>\n<td width=\"302\">Laurylglucoside<\/td>\n<td width=\"302\">Oppervlakteactieve stof<\/td>\n<\/tr>\n<tr>\n<td width=\"302\">Panthenol (Provitamine B5)<\/td>\n<td width=\"302\">Hydraterend en anti-irritatie<\/td>\n<\/tr>\n<tr>\n<td width=\"302\">Allanto\u00efne<\/td>\n<td width=\"302\">Luchtbevochtiger<\/td>\n<\/tr>\n<tr>\n<td width=\"302\">Alo\u00eb Barbadensis-extract<\/td>\n<td width=\"302\">Hydraterend en huidverzorging<\/td>\n<\/tr>\n<tr>\n<td width=\"302\">Chamomilla Recutita-extract<\/td>\n<td width=\"302\">Hydraterend en huidverzorging<\/td>\n<\/tr>\n<tr>\n<td width=\"302\">Tocoferylacetaat (vitamine E)<\/td>\n<td width=\"302\">Antioxidant<\/td>\n<\/tr>\n<tr>\n<td width=\"302\">Chloorhexidinedigluconaat<\/td>\n<td width=\"302\">Beschermer<\/td>\n<\/tr>\n<tr>\n<td width=\"302\">Glycerine<\/td>\n<td width=\"302\">Bevochtigen<\/td>\n<\/tr>\n<tr>\n<td width=\"302\">Polysorbaat 20<\/td>\n<td width=\"302\">Emulgator<\/td>\n<\/tr>\n<tr>\n<td width=\"302\">Tetranatrium EDTA<\/td>\n<td width=\"302\">Stabilisator<\/td>\n<\/tr>\n<tr>\n<td width=\"302\">Citroenzuur<\/td>\n<td width=\"302\">pH-regelaar<\/td>\n<\/tr>\n<tr>\n<td width=\"302\">Natriumbenzoaat<\/td>\n<td width=\"302\">Beschermer<\/td>\n<\/tr>\n<tr>\n<td width=\"302\">Kaliumsorbaat<\/td>\n<td width=\"302\">Beschermer<\/td>\n<\/tr>\n<\/tbody>\n<\/table>\n<p>7. Algemeen uiterlijk: met oplossing ge\u00efmpregneerd non-woven doek<br \/>\n8. pH-waarde: 5,5<br \/>\n9. Houdbaarheid: 2 jaar<br \/>\n10. Primaire verpakking: PET+PE<\/p>","protected":false},"excerpt":{"rendered":"<p>MC-00251. General Product Description It helps to protect the intact skin of the perineal area from dermatitis which is caused by incontinence of patients with limited mobility, bedridden and special needs such as intensive care patients. Patients with incontinence are at risk of developing incontinence-associated dermatitis (IAD). This puts them at risk of developing a [&hellip;]<\/p>","protected":false},"featured_media":18287,"comment_status":"open","ping_status":"closed","template":"","meta":[],"product_brand":[],"product_cat":[81,165],"product_tag":[],"class_list":{"0":"post-17805","1":"product","2":"type-product","3":"status-publish","4":"has-post-thumbnail","6":"product_cat-higiene","7":"product_cat-inpatient-care","9":"first","10":"instock","11":"shipping-taxable","12":"product-type-grouped","13":"add-to-wishlist-after_add_to_cart"},"yoast_head":"<!-- This site is optimized with the Yoast SEO plugin v25.3 - https:\/\/yoast.com\/wordpress\/plugins\/seo\/ -->\n<title>Barrier Cream Perineal Wipe - Protectiva.nl \u2013 Professionele Medische en Hygi\u00ebneproducten | CE &amp; ISO Gecertificeerd<\/title>\n<meta name=\"robots\" content=\"index, follow, max-snippet:-1, max-image-preview:large, max-video-preview:-1\" \/>\n<link rel=\"canonical\" href=\"https:\/\/protectiva.nl\/nl\/product\/barrierecreme-perineale-doekjes\/\" \/>\n<meta property=\"og:locale\" content=\"nl_NL\" \/>\n<meta property=\"og:type\" content=\"article\" \/>\n<meta property=\"og:title\" content=\"Barrier Cream Perineal Wipe - Protectiva.nl \u2013 Professionele Medische en Hygi\u00ebneproducten | CE &amp; ISO Gecertificeerd\" \/>\n<meta property=\"og:description\" content=\"MC-00251. General Product Description It helps to protect the intact skin of the perineal area from dermatitis which is caused by incontinence of patients with limited mobility, bedridden and special needs such as intensive care patients. Patients with incontinence are at risk of developing incontinence-associated dermatitis (IAD). This puts them at risk of developing a [&hellip;]\" \/>\n<meta property=\"og:url\" content=\"https:\/\/protectiva.nl\/nl\/product\/barrierecreme-perineale-doekjes\/\" \/>\n<meta property=\"og:site_name\" content=\"Protectiva.nl \u2013 Professionele Medische en Hygi\u00ebneproducten | CE &amp; ISO Gecertificeerd\" \/>\n<meta property=\"article:modified_time\" content=\"2025-03-28T19:10:52+00:00\" \/>\n<meta property=\"og:image\" content=\"https:\/\/protectiva.nl\/wp-content\/uploads\/2025\/03\/MC-0025.jpg\" \/>\n\t<meta property=\"og:image:width\" content=\"181\" \/>\n\t<meta property=\"og:image:height\" content=\"181\" \/>\n\t<meta property=\"og:image:type\" content=\"image\/jpeg\" \/>\n<meta name=\"twitter:card\" content=\"summary_large_image\" \/>\n<meta name=\"twitter:label1\" content=\"Geschatte leestijd\" \/>\n\t<meta name=\"twitter:data1\" content=\"2 minuten\" \/>\n<script type=\"application\/ld+json\" class=\"yoast-schema-graph\">{\"@context\":\"https:\/\/schema.org\",\"@graph\":[{\"@type\":\"WebPage\",\"@id\":\"https:\/\/protectiva.nl\/product\/barrier-cream-perineal-wipe\/\",\"url\":\"https:\/\/protectiva.nl\/product\/barrier-cream-perineal-wipe\/\",\"name\":\"Barrier Cream Perineal Wipe - Protectiva.nl \u2013 Professionele Medische en Hygi\u00ebneproducten | CE &amp; ISO Gecertificeerd\",\"isPartOf\":{\"@id\":\"https:\/\/protectiva.nl\/#website\"},\"primaryImageOfPage\":{\"@id\":\"https:\/\/protectiva.nl\/product\/barrier-cream-perineal-wipe\/#primaryimage\"},\"image\":{\"@id\":\"https:\/\/protectiva.nl\/product\/barrier-cream-perineal-wipe\/#primaryimage\"},\"thumbnailUrl\":\"https:\/\/protectiva.nl\/wp-content\/uploads\/2025\/03\/MC-0025.jpg\",\"datePublished\":\"2025-03-25T13:26:12+00:00\",\"dateModified\":\"2025-03-28T19:10:52+00:00\",\"breadcrumb\":{\"@id\":\"https:\/\/protectiva.nl\/product\/barrier-cream-perineal-wipe\/#breadcrumb\"},\"inLanguage\":\"nl-NL\",\"potentialAction\":[{\"@type\":\"ReadAction\",\"target\":[\"https:\/\/protectiva.nl\/product\/barrier-cream-perineal-wipe\/\"]}]},{\"@type\":\"ImageObject\",\"inLanguage\":\"nl-NL\",\"@id\":\"https:\/\/protectiva.nl\/product\/barrier-cream-perineal-wipe\/#primaryimage\",\"url\":\"https:\/\/protectiva.nl\/wp-content\/uploads\/2025\/03\/MC-0025.jpg\",\"contentUrl\":\"https:\/\/protectiva.nl\/wp-content\/uploads\/2025\/03\/MC-0025.jpg\",\"width\":181,\"height\":181},{\"@type\":\"BreadcrumbList\",\"@id\":\"https:\/\/protectiva.nl\/product\/barrier-cream-perineal-wipe\/#breadcrumb\",\"itemListElement\":[{\"@type\":\"ListItem\",\"position\":1,\"name\":\"Home\",\"item\":\"https:\/\/protectiva.nl\/\"},{\"@type\":\"ListItem\",\"position\":2,\"name\":\"All Products\",\"item\":\"https:\/\/protectiva.nl\/shop\/\"},{\"@type\":\"ListItem\",\"position\":3,\"name\":\"Barrier Cream Perineal Wipe\"}]},{\"@type\":\"WebSite\",\"@id\":\"https:\/\/protectiva.nl\/#website\",\"url\":\"https:\/\/protectiva.nl\/\",\"name\":\"Protectiva.nl \u2013 Professionele Medische en Hygi\u00ebneproducten | CE &amp; ISO Gecertificeerd\",\"description\":\"Innovative Medical Solutions | Protectiva.nl biedt hoogwaardige medische en hygi\u00ebneproducten. Betrouwbare beschermingsmiddelen, sterilisatieoplossingen en gezondheidszorgbenodigdheden die voldoen aan CE- en ISO-normen voor ziekenhuizen en klinieken. De ideale keuze voor veilige en comfortabele zorgomgevingen.\",\"potentialAction\":[{\"@type\":\"SearchAction\",\"target\":{\"@type\":\"EntryPoint\",\"urlTemplate\":\"https:\/\/protectiva.nl\/?s={search_term_string}\"},\"query-input\":{\"@type\":\"PropertyValueSpecification\",\"valueRequired\":true,\"valueName\":\"search_term_string\"}}],\"inLanguage\":\"nl-NL\"}]}<\/script>\n<!-- \/ Yoast SEO plugin. -->","yoast_head_json":{"title":"Barrier Cream Perineal Wipe - Protectiva.nl \u2013 Professionele Medische en Hygi\u00ebneproducten | CE &amp; ISO Gecertificeerd","robots":{"index":"index","follow":"follow","max-snippet":"max-snippet:-1","max-image-preview":"max-image-preview:large","max-video-preview":"max-video-preview:-1"},"canonical":"https:\/\/protectiva.nl\/nl\/product\/barrierecreme-perineale-doekjes\/","og_locale":"nl_NL","og_type":"article","og_title":"Barrier Cream Perineal Wipe - Protectiva.nl \u2013 Professionele Medische en Hygi\u00ebneproducten | CE &amp; ISO Gecertificeerd","og_description":"MC-00251. General Product Description It helps to protect the intact skin of the perineal area from dermatitis which is caused by incontinence of patients with limited mobility, bedridden and special needs such as intensive care patients. Patients with incontinence are at risk of developing incontinence-associated dermatitis (IAD). This puts them at risk of developing a [&hellip;]","og_url":"https:\/\/protectiva.nl\/nl\/product\/barrierecreme-perineale-doekjes\/","og_site_name":"Protectiva.nl \u2013 Professionele Medische en Hygi\u00ebneproducten | CE &amp; ISO Gecertificeerd","article_modified_time":"2025-03-28T19:10:52+00:00","og_image":[{"width":181,"height":181,"url":"https:\/\/protectiva.nl\/wp-content\/uploads\/2025\/03\/MC-0025.jpg","type":"image\/jpeg"}],"twitter_card":"summary_large_image","twitter_misc":{"Geschatte leestijd":"2 minuten"},"schema":{"@context":"https:\/\/schema.org","@graph":[{"@type":"WebPage","@id":"https:\/\/protectiva.nl\/product\/barrier-cream-perineal-wipe\/","url":"https:\/\/protectiva.nl\/product\/barrier-cream-perineal-wipe\/","name":"Barrier Cream Perineal Wipe - Protectiva.nl \u2013 Professionele Medische en Hygi\u00ebneproducten | CE &amp; ISO Gecertificeerd","isPartOf":{"@id":"https:\/\/protectiva.nl\/#website"},"primaryImageOfPage":{"@id":"https:\/\/protectiva.nl\/product\/barrier-cream-perineal-wipe\/#primaryimage"},"image":{"@id":"https:\/\/protectiva.nl\/product\/barrier-cream-perineal-wipe\/#primaryimage"},"thumbnailUrl":"https:\/\/protectiva.nl\/wp-content\/uploads\/2025\/03\/MC-0025.jpg","datePublished":"2025-03-25T13:26:12+00:00","dateModified":"2025-03-28T19:10:52+00:00","breadcrumb":{"@id":"https:\/\/protectiva.nl\/product\/barrier-cream-perineal-wipe\/#breadcrumb"},"inLanguage":"nl-NL","potentialAction":[{"@type":"ReadAction","target":["https:\/\/protectiva.nl\/product\/barrier-cream-perineal-wipe\/"]}]},{"@type":"ImageObject","inLanguage":"nl-NL","@id":"https:\/\/protectiva.nl\/product\/barrier-cream-perineal-wipe\/#primaryimage","url":"https:\/\/protectiva.nl\/wp-content\/uploads\/2025\/03\/MC-0025.jpg","contentUrl":"https:\/\/protectiva.nl\/wp-content\/uploads\/2025\/03\/MC-0025.jpg","width":181,"height":181},{"@type":"BreadcrumbList","@id":"https:\/\/protectiva.nl\/product\/barrier-cream-perineal-wipe\/#breadcrumb","itemListElement":[{"@type":"ListItem","position":1,"name":"Home","item":"https:\/\/protectiva.nl\/"},{"@type":"ListItem","position":2,"name":"All Products","item":"https:\/\/protectiva.nl\/shop\/"},{"@type":"ListItem","position":3,"name":"Barrier Cream Perineal Wipe"}]},{"@type":"WebSite","@id":"https:\/\/protectiva.nl\/#website","url":"https:\/\/protectiva.nl\/","name":"Protectiva.nl \u2013 Professionele Medische en Hygi\u00ebneproducten | CE &amp; ISO Gecertificeerd","description":"Innovative Medical Solutions | Protectiva.nl biedt hoogwaardige medische en hygi\u00ebneproducten. Betrouwbare beschermingsmiddelen, sterilisatieoplossingen en gezondheidszorgbenodigdheden die voldoen aan CE- en ISO-normen voor ziekenhuizen en klinieken. De ideale keuze voor veilige en comfortabele zorgomgevingen.","potentialAction":[{"@type":"SearchAction","target":{"@type":"EntryPoint","urlTemplate":"https:\/\/protectiva.nl\/?s={search_term_string}"},"query-input":{"@type":"PropertyValueSpecification","valueRequired":true,"valueName":"search_term_string"}}],"inLanguage":"nl-NL"}]}},"_links":{"self":[{"href":"https:\/\/protectiva.nl\/nl\/wp-json\/wp\/v2\/product\/17805","targetHints":{"allow":["GET"]}}],"collection":[{"href":"https:\/\/protectiva.nl\/nl\/wp-json\/wp\/v2\/product"}],"about":[{"href":"https:\/\/protectiva.nl\/nl\/wp-json\/wp\/v2\/types\/product"}],"replies":[{"embeddable":true,"href":"https:\/\/protectiva.nl\/nl\/wp-json\/wp\/v2\/comments?post=17805"}],"wp:featuredmedia":[{"embeddable":true,"href":"https:\/\/protectiva.nl\/nl\/wp-json\/wp\/v2\/media\/18287"}],"wp:attachment":[{"href":"https:\/\/protectiva.nl\/nl\/wp-json\/wp\/v2\/media?parent=17805"}],"wp:term":[{"taxonomy":"product_brand","embeddable":true,"href":"https:\/\/protectiva.nl\/nl\/wp-json\/wp\/v2\/product_brand?post=17805"},{"taxonomy":"product_cat","embeddable":true,"href":"https:\/\/protectiva.nl\/nl\/wp-json\/wp\/v2\/product_cat?post=17805"},{"taxonomy":"product_tag","embeddable":true,"href":"https:\/\/protectiva.nl\/nl\/wp-json\/wp\/v2\/product_tag?post=17805"}],"curies":[{"name":"wp","href":"https:\/\/api.w.org\/{rel}","templated":true}]}}