{"id":18469,"date":"2025-03-27T09:33:44","date_gmt":"2025-03-27T09:33:44","guid":{"rendered":"https:\/\/protectiva.pl\/?post_type=product&#038;p=18469"},"modified":"2025-03-28T19:09:50","modified_gmt":"2025-03-28T19:09:50","slug":"ethylene-oxide-chemical-indicator-2","status":"publish","type":"product","link":"https:\/\/protectiva.nl\/nl\/product\/ethylene-oxide-chemical-indicator-2\/","title":{"rendered":"Ethyleenoxide chemische indicator"},"content":{"rendered":"<p>TECHNISCH GEGEVENSBLAD<br \/>\nTYPE 6 STEAM CHEMICAL INDICATOR (3,5 min)<br \/>\nPRODUCT CODE : 4AC6I<br \/>\nRELATED STANDARDS : 4A Medical Steam Indicator is clasified as Type 6 according to ISO 11140-1 standard.<\/p>\n<p>Water 35% : (CAS # 7732-18-5)<br \/>\nDiacetone Alcohol 3% : (CAS # 123-42-2)<br \/>\nProprietary Mixture 62% : (CAS # N\/A)<\/p>\n<p>PACKAGING 100 boxes in cardboard.<br \/>\nPRODUCTSPECIFICATIES:<br \/>\nEach box contains 250 pieces indicator printed carton sheets. The indicator is<br \/>\ntemperature, time and steam concentration sensitive.<\/p>\n<p>OPSLAG EN VERWIJDERING<\/p>\n<p>De verlopen producten worden niet gebruikt. Ze worden bewaard op een plaats met kamertemperatuur.<br \/>\nwithout humidity and sun lights. It shouldn\u2019t be in contact with liquid. Damaged and<br \/>\ndefective products are not used. Shelf life is 5 years after prodcution date. After<br \/>\nsterilization indicator keep sterilization colour for 6 month.<\/p>\n<p>MANIFACTURER DORT-A TIP MALZEMELERI SAN. ITH. IHR. TIC. LTD. STI.<br \/>\nBal\u0131khisar Mahallesi, K\u00f6yi\u00e7i Serpmeleri, No:795 Akyurt, Ankara, Turkey<br \/>\nTel: +90 312 363 50 52 \/ 53 Fax: +90 312 363 52 10<br \/>\nWeb: http:\/\/www.4amedical.com E-mail: export@4amedical.com<\/p>\n<p>Voor sterilisatie Na sterilisatie<br \/>\nINTENDED USE 4A Medical Steam Indicators are cycle verification indicators that confirm the<br \/>\naanwezigheid of afwezigheid van specifieke tijd- en temperatuurparameters tijdens een cyclus.<br \/>\nThe products allows the end user to identify incorrect packaging, load problems and<br \/>\nsterilization failures.<\/p>\n<p>OPERATION CONDITIONS 4A Medical Steam Indicators are designed operate at steam cycle 134\u00baC &#8211; 3,5<br \/>\nminutes or 121 \u00baC &#8211; 15 minutes operation conditions.<\/p>\n<p>CHEMICAL COMPOSITION The sterilization indicator ink used for printing contains following components in ppm<br \/>\nlevels.<\/p>\n<table style=\"height: 55px\" border=\"0\" width=\"701\">\n<thead>\n<tr>\n<th>Productnaam<\/th>\n<th>AANTAL<\/th>\n<th>Maat<\/th>\n<\/tr>\n<\/thead>\n<tbody>\n<tr>\n<td>Ethyleenoxide chemische indicator<\/td>\n<td>1x<\/td>\n<td>500 stuks<\/td>\n<\/tr>\n<\/tbody>\n<\/table>","protected":false},"excerpt":{"rendered":"<ul>\n<li>Gegevensblad<\/li>\n<li><a href=\"https:\/\/protectiva.nl\/wp-content\/uploads\/2025\/03\/4AC6I.pdf\">4AC6I<\/a><\/li>\n<\/ul>\n<p>Ethyleenoxide-indicatoren, type 5-indicatoren, zijn chemische indicatoren die informatie geven over het succes van sterilisatie door gebruik te maken van sterilisatiezakken met ethyleenoxide. Let op: Producten kunnen worden geproduceerd met uw handelsmerk.<\/p>\n<div id=\"gtx-trans\" style=\"position: absolute;left: -13px;top: -10px\">\n<div class=\"gtx-trans-icon\"><\/div>\n<\/div>","protected":false},"featured_media":18189,"comment_status":"open","ping_status":"closed","template":"","meta":[],"product_brand":[],"product_cat":[109,185],"product_tag":[],"class_list":{"0":"post-18469","1":"product","2":"type-product","3":"status-publish","4":"has-post-thumbnail","6":"product_cat-sterilization-n","7":"product_cat-sterilization-chemical-indicators-s","9":"first","10":"instock","11":"shipping-taxable","12":"product-type-grouped","13":"add-to-wishlist-after_add_to_cart"},"yoast_head":"<!-- This site is optimized with the Yoast SEO plugin v25.3 - https:\/\/yoast.com\/wordpress\/plugins\/seo\/ -->\n<title>Ethylene Oxide Chemical Indicator - Protectiva.nl \u2013 Professionele Medische en Hygi\u00ebneproducten | CE &amp; ISO Gecertificeerd<\/title>\n<meta name=\"robots\" content=\"index, follow, max-snippet:-1, max-image-preview:large, max-video-preview:-1\" \/>\n<link rel=\"canonical\" href=\"https:\/\/protectiva.nl\/nl\/product\/ethylene-oxide-chemical-indicator-2\/\" \/>\n<meta property=\"og:locale\" content=\"nl_NL\" \/>\n<meta property=\"og:type\" content=\"article\" \/>\n<meta property=\"og:title\" content=\"Ethylene Oxide Chemical Indicator - Protectiva.nl \u2013 Professionele Medische en Hygi\u00ebneproducten | CE &amp; ISO Gecertificeerd\" \/>\n<meta property=\"og:description\" content=\"Data Sheet  4AC6I  Ethylene Oxide Indicators which are Type 5 indicators are chemical indicators which gives information about success of sterilization by using inside sterilization pouches together with ethylene oxide. Note: Products can be produced with your trademark\" \/>\n<meta property=\"og:url\" content=\"https:\/\/protectiva.nl\/nl\/product\/ethylene-oxide-chemical-indicator-2\/\" \/>\n<meta property=\"og:site_name\" content=\"Protectiva.nl \u2013 Professionele Medische en Hygi\u00ebneproducten | CE &amp; ISO Gecertificeerd\" \/>\n<meta property=\"article:modified_time\" content=\"2025-03-28T19:09:50+00:00\" \/>\n<meta property=\"og:image\" content=\"https:\/\/protectiva.nl\/wp-content\/uploads\/2025\/03\/4AC6I.jpg\" \/>\n\t<meta property=\"og:image:width\" content=\"1000\" \/>\n\t<meta property=\"og:image:height\" content=\"1000\" \/>\n\t<meta property=\"og:image:type\" content=\"image\/jpeg\" \/>\n<meta name=\"twitter:card\" content=\"summary_large_image\" \/>\n<meta name=\"twitter:label1\" content=\"Geschatte leestijd\" \/>\n\t<meta name=\"twitter:data1\" content=\"1 minuut\" \/>\n<script type=\"application\/ld+json\" class=\"yoast-schema-graph\">{\"@context\":\"https:\/\/schema.org\",\"@graph\":[{\"@type\":\"WebPage\",\"@id\":\"https:\/\/protectiva.nl\/product\/ethylene-oxide-chemical-indicator-2\/\",\"url\":\"https:\/\/protectiva.nl\/product\/ethylene-oxide-chemical-indicator-2\/\",\"name\":\"Ethylene Oxide Chemical Indicator - Protectiva.nl \u2013 Professionele Medische en Hygi\u00ebneproducten | CE &amp; ISO Gecertificeerd\",\"isPartOf\":{\"@id\":\"https:\/\/protectiva.nl\/#website\"},\"primaryImageOfPage\":{\"@id\":\"https:\/\/protectiva.nl\/product\/ethylene-oxide-chemical-indicator-2\/#primaryimage\"},\"image\":{\"@id\":\"https:\/\/protectiva.nl\/product\/ethylene-oxide-chemical-indicator-2\/#primaryimage\"},\"thumbnailUrl\":\"https:\/\/protectiva.nl\/wp-content\/uploads\/2025\/03\/4AC6I.jpg\",\"datePublished\":\"2025-03-27T09:33:44+00:00\",\"dateModified\":\"2025-03-28T19:09:50+00:00\",\"breadcrumb\":{\"@id\":\"https:\/\/protectiva.nl\/product\/ethylene-oxide-chemical-indicator-2\/#breadcrumb\"},\"inLanguage\":\"nl-NL\",\"potentialAction\":[{\"@type\":\"ReadAction\",\"target\":[\"https:\/\/protectiva.nl\/product\/ethylene-oxide-chemical-indicator-2\/\"]}]},{\"@type\":\"ImageObject\",\"inLanguage\":\"nl-NL\",\"@id\":\"https:\/\/protectiva.nl\/product\/ethylene-oxide-chemical-indicator-2\/#primaryimage\",\"url\":\"https:\/\/protectiva.nl\/wp-content\/uploads\/2025\/03\/4AC6I.jpg\",\"contentUrl\":\"https:\/\/protectiva.nl\/wp-content\/uploads\/2025\/03\/4AC6I.jpg\",\"width\":1000,\"height\":1000},{\"@type\":\"BreadcrumbList\",\"@id\":\"https:\/\/protectiva.nl\/product\/ethylene-oxide-chemical-indicator-2\/#breadcrumb\",\"itemListElement\":[{\"@type\":\"ListItem\",\"position\":1,\"name\":\"Home\",\"item\":\"https:\/\/protectiva.nl\/\"},{\"@type\":\"ListItem\",\"position\":2,\"name\":\"All Products\",\"item\":\"https:\/\/protectiva.nl\/shop\/\"},{\"@type\":\"ListItem\",\"position\":3,\"name\":\"Ethylene Oxide Chemical Indicator\"}]},{\"@type\":\"WebSite\",\"@id\":\"https:\/\/protectiva.nl\/#website\",\"url\":\"https:\/\/protectiva.nl\/\",\"name\":\"Protectiva.nl \u2013 Professionele Medische en Hygi\u00ebneproducten | CE &amp; ISO Gecertificeerd\",\"description\":\"Innovative Medical Solutions | Protectiva.nl biedt hoogwaardige medische en hygi\u00ebneproducten. Betrouwbare beschermingsmiddelen, sterilisatieoplossingen en gezondheidszorgbenodigdheden die voldoen aan CE- en ISO-normen voor ziekenhuizen en klinieken. De ideale keuze voor veilige en comfortabele zorgomgevingen.\",\"potentialAction\":[{\"@type\":\"SearchAction\",\"target\":{\"@type\":\"EntryPoint\",\"urlTemplate\":\"https:\/\/protectiva.nl\/?s={search_term_string}\"},\"query-input\":{\"@type\":\"PropertyValueSpecification\",\"valueRequired\":true,\"valueName\":\"search_term_string\"}}],\"inLanguage\":\"nl-NL\"}]}<\/script>\n<!-- \/ Yoast SEO plugin. -->","yoast_head_json":{"title":"Ethylene Oxide Chemical Indicator - Protectiva.nl \u2013 Professionele Medische en Hygi\u00ebneproducten | CE &amp; ISO Gecertificeerd","robots":{"index":"index","follow":"follow","max-snippet":"max-snippet:-1","max-image-preview":"max-image-preview:large","max-video-preview":"max-video-preview:-1"},"canonical":"https:\/\/protectiva.nl\/nl\/product\/ethylene-oxide-chemical-indicator-2\/","og_locale":"nl_NL","og_type":"article","og_title":"Ethylene Oxide Chemical Indicator - Protectiva.nl \u2013 Professionele Medische en Hygi\u00ebneproducten | CE &amp; ISO Gecertificeerd","og_description":"Data Sheet  4AC6I  Ethylene Oxide Indicators which are Type 5 indicators are chemical indicators which gives information about success of sterilization by using inside sterilization pouches together with ethylene oxide. Note: Products can be produced with your trademark","og_url":"https:\/\/protectiva.nl\/nl\/product\/ethylene-oxide-chemical-indicator-2\/","og_site_name":"Protectiva.nl \u2013 Professionele Medische en Hygi\u00ebneproducten | CE &amp; ISO Gecertificeerd","article_modified_time":"2025-03-28T19:09:50+00:00","og_image":[{"width":1000,"height":1000,"url":"https:\/\/protectiva.nl\/wp-content\/uploads\/2025\/03\/4AC6I.jpg","type":"image\/jpeg"}],"twitter_card":"summary_large_image","twitter_misc":{"Geschatte leestijd":"1 minuut"},"schema":{"@context":"https:\/\/schema.org","@graph":[{"@type":"WebPage","@id":"https:\/\/protectiva.nl\/product\/ethylene-oxide-chemical-indicator-2\/","url":"https:\/\/protectiva.nl\/product\/ethylene-oxide-chemical-indicator-2\/","name":"Ethylene Oxide Chemical Indicator - Protectiva.nl \u2013 Professionele Medische en Hygi\u00ebneproducten | CE &amp; ISO Gecertificeerd","isPartOf":{"@id":"https:\/\/protectiva.nl\/#website"},"primaryImageOfPage":{"@id":"https:\/\/protectiva.nl\/product\/ethylene-oxide-chemical-indicator-2\/#primaryimage"},"image":{"@id":"https:\/\/protectiva.nl\/product\/ethylene-oxide-chemical-indicator-2\/#primaryimage"},"thumbnailUrl":"https:\/\/protectiva.nl\/wp-content\/uploads\/2025\/03\/4AC6I.jpg","datePublished":"2025-03-27T09:33:44+00:00","dateModified":"2025-03-28T19:09:50+00:00","breadcrumb":{"@id":"https:\/\/protectiva.nl\/product\/ethylene-oxide-chemical-indicator-2\/#breadcrumb"},"inLanguage":"nl-NL","potentialAction":[{"@type":"ReadAction","target":["https:\/\/protectiva.nl\/product\/ethylene-oxide-chemical-indicator-2\/"]}]},{"@type":"ImageObject","inLanguage":"nl-NL","@id":"https:\/\/protectiva.nl\/product\/ethylene-oxide-chemical-indicator-2\/#primaryimage","url":"https:\/\/protectiva.nl\/wp-content\/uploads\/2025\/03\/4AC6I.jpg","contentUrl":"https:\/\/protectiva.nl\/wp-content\/uploads\/2025\/03\/4AC6I.jpg","width":1000,"height":1000},{"@type":"BreadcrumbList","@id":"https:\/\/protectiva.nl\/product\/ethylene-oxide-chemical-indicator-2\/#breadcrumb","itemListElement":[{"@type":"ListItem","position":1,"name":"Home","item":"https:\/\/protectiva.nl\/"},{"@type":"ListItem","position":2,"name":"All Products","item":"https:\/\/protectiva.nl\/shop\/"},{"@type":"ListItem","position":3,"name":"Ethylene Oxide Chemical Indicator"}]},{"@type":"WebSite","@id":"https:\/\/protectiva.nl\/#website","url":"https:\/\/protectiva.nl\/","name":"Protectiva.nl \u2013 Professionele Medische en Hygi\u00ebneproducten | CE &amp; ISO Gecertificeerd","description":"Innovative Medical Solutions | Protectiva.nl biedt hoogwaardige medische en hygi\u00ebneproducten. Betrouwbare beschermingsmiddelen, sterilisatieoplossingen en gezondheidszorgbenodigdheden die voldoen aan CE- en ISO-normen voor ziekenhuizen en klinieken. De ideale keuze voor veilige en comfortabele zorgomgevingen.","potentialAction":[{"@type":"SearchAction","target":{"@type":"EntryPoint","urlTemplate":"https:\/\/protectiva.nl\/?s={search_term_string}"},"query-input":{"@type":"PropertyValueSpecification","valueRequired":true,"valueName":"search_term_string"}}],"inLanguage":"nl-NL"}]}},"_links":{"self":[{"href":"https:\/\/protectiva.nl\/nl\/wp-json\/wp\/v2\/product\/18469","targetHints":{"allow":["GET"]}}],"collection":[{"href":"https:\/\/protectiva.nl\/nl\/wp-json\/wp\/v2\/product"}],"about":[{"href":"https:\/\/protectiva.nl\/nl\/wp-json\/wp\/v2\/types\/product"}],"replies":[{"embeddable":true,"href":"https:\/\/protectiva.nl\/nl\/wp-json\/wp\/v2\/comments?post=18469"}],"wp:featuredmedia":[{"embeddable":true,"href":"https:\/\/protectiva.nl\/nl\/wp-json\/wp\/v2\/media\/18189"}],"wp:attachment":[{"href":"https:\/\/protectiva.nl\/nl\/wp-json\/wp\/v2\/media?parent=18469"}],"wp:term":[{"taxonomy":"product_brand","embeddable":true,"href":"https:\/\/protectiva.nl\/nl\/wp-json\/wp\/v2\/product_brand?post=18469"},{"taxonomy":"product_cat","embeddable":true,"href":"https:\/\/protectiva.nl\/nl\/wp-json\/wp\/v2\/product_cat?post=18469"},{"taxonomy":"product_tag","embeddable":true,"href":"https:\/\/protectiva.nl\/nl\/wp-json\/wp\/v2\/product_tag?post=18469"}],"curies":[{"name":"wp","href":"https:\/\/api.w.org\/{rel}","templated":true}]}}