{"id":18472,"date":"2025-03-27T09:42:49","date_gmt":"2025-03-27T09:42:49","guid":{"rendered":"https:\/\/protectiva.pl\/?post_type=product&#038;p=18472"},"modified":"2025-03-28T19:09:49","modified_gmt":"2025-03-28T19:09:49","slug":"formaldehyde-chemical-indicator-2","status":"publish","type":"product","link":"https:\/\/protectiva.nl\/nl\/product\/formaldehyde-chemical-indicator-2\/","title":{"rendered":"Formaldehyde chemische indicator"},"content":{"rendered":"<p>&nbsp;<\/p>\n<p>TECHNISCH GEGEVENSBLAD<br \/>\nFORMALDEHYDE CHEMICAL INDICATOR<br \/>\nPRODUCT CODE :4AFOI<br \/>\nRELATED STANDARDS : 4A Medical Formaldehyde Chemical Indicator is classified as Type 4<br \/>\naccording to ISO 11140-1 standard.<\/p>\n<p>INTENDED USE OPERATION CONDITIONS<\/p>\n<p>It is indicator for package which is used in formaldehyde sterilization, it is<br \/>\nproduced according to ISO 11140 Standards. Indicators which are included<br \/>\nin Type 4 according to ISO 11140 standards gives information to user<br \/>\nof het materiaal in de verpakking steriel is of niet.<br \/>\nIt is used to evaluate the process of formaldehyde sterilization. 4A Medical<br \/>\nFormaldehyde indicators are water based and they do not include toxic<br \/>\nsubstances.<br \/>\nVoor sterilisatie<br \/>\nNa sterilisatie<\/p>\n<p>PRODUCTSPECIFICATIES<br \/>\nEach box contains 500 pieces indicator printed carton sheets. The indicator<br \/>\nis formaldhyded concentration sensitive.<\/p>\n<p>STORAGE AND DISPOSAL PACKAGING MANIFACTURER<br \/>\nThe expired products are not used. It\u2019s kept in the places with room<br \/>\ntemperature without humidity and sun lights. It shouldn\u2019t be in contact with<br \/>\nliquid. Damaged and defective products are not used. Shelf life is 5 years<br \/>\nafter prodcution date. After sterilization indicator keep sterilization colour<br \/>\nfor 6 month.<br \/>\n20 verpakkingen in karton.<\/p>\n<p>DORT-A TIP MALZEMELERI SAN. ITH. IHR. TIC. LTD. STI.<br \/>\nBal\u0131khisar Mahallesi, K\u00f6yi\u00e7i Serpmeleri, No:795 Akyurt, Ankara, Turkey<br \/>\nTel: +90 312 363 50 52 \/ 53 Fax: +90 312 363 52 10<br \/>\nWeb: http:\/\/www.4amedical.com E-mail: export@4amedical.com levels.<\/p>\n<table style=\"height: 61px\" border=\"0\" width=\"785\">\n<thead>\n<tr>\n<th>Productnaam<\/th>\n<th>AANTAL<\/th>\n<th>Maat<\/th>\n<\/tr>\n<\/thead>\n<tbody>\n<tr>\n<td>Formaldehyde chemische indicator<\/td>\n<td>1x<\/td>\n<td>500 stuks<\/td>\n<\/tr>\n<\/tbody>\n<\/table>","protected":false},"excerpt":{"rendered":"<ul>\n<li>Gegevensblad<\/li>\n<li><a href=\"https:\/\/protectiva.nl\/wp-content\/uploads\/2025\/03\/4AFOI.pdf\">4AFOI<\/a><\/li>\n<\/ul>\n<p>Formaldehyde-indicatoren worden gebruikt in sterilisatiezakken voor formaldehydesterilisatie. Deze indicatoren, die volgens de ISO 11140-normen onder Type 4 vallen, geven de gebruiker informatie over de steriliteit van het materiaal in de verpakking.<\/p>\n<div id=\"gtx-trans\" style=\"position: absolute;left: -2px;top: -10px\">\n<div class=\"gtx-trans-icon\"><\/div>\n<\/div>","protected":false},"featured_media":18215,"comment_status":"open","ping_status":"closed","template":"","meta":[],"product_brand":[],"product_cat":[109,185],"product_tag":[],"class_list":{"0":"post-18472","1":"product","2":"type-product","3":"status-publish","4":"has-post-thumbnail","6":"product_cat-sterilization-n","7":"product_cat-sterilization-chemical-indicators-s","9":"first","10":"instock","11":"shipping-taxable","12":"product-type-grouped","13":"add-to-wishlist-after_add_to_cart"},"yoast_head":"<!-- This site is optimized with the Yoast SEO plugin v25.3 - https:\/\/yoast.com\/wordpress\/plugins\/seo\/ -->\n<title>Formaldehyde Chemical Indicator - Protectiva.nl \u2013 Professionele Medische en Hygi\u00ebneproducten | CE &amp; ISO Gecertificeerd<\/title>\n<meta name=\"robots\" content=\"index, follow, max-snippet:-1, max-image-preview:large, max-video-preview:-1\" \/>\n<link rel=\"canonical\" href=\"https:\/\/protectiva.nl\/nl\/product\/formaldehyde-chemical-indicator-2\/\" \/>\n<meta property=\"og:locale\" content=\"nl_NL\" \/>\n<meta property=\"og:type\" content=\"article\" \/>\n<meta property=\"og:title\" content=\"Formaldehyde Chemical Indicator - Protectiva.nl \u2013 Professionele Medische en Hygi\u00ebneproducten | CE &amp; ISO Gecertificeerd\" \/>\n<meta property=\"og:description\" content=\"Data Sheet  4AFOI  Formaldehyde Indicators are indicators used inside sterilization pouch in formaldehyde sterilization. These indicators which are included in Type 4 according to ISO 11140 standarts give information to user whether material inside the package is steril or not.\" \/>\n<meta property=\"og:url\" content=\"https:\/\/protectiva.nl\/nl\/product\/formaldehyde-chemical-indicator-2\/\" \/>\n<meta property=\"og:site_name\" content=\"Protectiva.nl \u2013 Professionele Medische en Hygi\u00ebneproducten | CE &amp; ISO Gecertificeerd\" \/>\n<meta property=\"article:modified_time\" content=\"2025-03-28T19:09:49+00:00\" \/>\n<meta property=\"og:image\" content=\"https:\/\/protectiva.nl\/wp-content\/uploads\/2025\/03\/4AFOI.jpg\" \/>\n\t<meta property=\"og:image:width\" content=\"1000\" \/>\n\t<meta property=\"og:image:height\" content=\"1000\" \/>\n\t<meta property=\"og:image:type\" content=\"image\/jpeg\" \/>\n<meta name=\"twitter:card\" content=\"summary_large_image\" \/>\n<meta name=\"twitter:label1\" content=\"Geschatte leestijd\" \/>\n\t<meta name=\"twitter:data1\" content=\"1 minuut\" \/>\n<script type=\"application\/ld+json\" class=\"yoast-schema-graph\">{\"@context\":\"https:\/\/schema.org\",\"@graph\":[{\"@type\":\"WebPage\",\"@id\":\"https:\/\/protectiva.nl\/product\/formaldehyde-chemical-indicator-2\/\",\"url\":\"https:\/\/protectiva.nl\/product\/formaldehyde-chemical-indicator-2\/\",\"name\":\"Formaldehyde Chemical Indicator - Protectiva.nl \u2013 Professionele Medische en Hygi\u00ebneproducten | CE &amp; ISO Gecertificeerd\",\"isPartOf\":{\"@id\":\"https:\/\/protectiva.nl\/#website\"},\"primaryImageOfPage\":{\"@id\":\"https:\/\/protectiva.nl\/product\/formaldehyde-chemical-indicator-2\/#primaryimage\"},\"image\":{\"@id\":\"https:\/\/protectiva.nl\/product\/formaldehyde-chemical-indicator-2\/#primaryimage\"},\"thumbnailUrl\":\"https:\/\/protectiva.nl\/wp-content\/uploads\/2025\/03\/4AFOI.jpg\",\"datePublished\":\"2025-03-27T09:42:49+00:00\",\"dateModified\":\"2025-03-28T19:09:49+00:00\",\"breadcrumb\":{\"@id\":\"https:\/\/protectiva.nl\/product\/formaldehyde-chemical-indicator-2\/#breadcrumb\"},\"inLanguage\":\"nl-NL\",\"potentialAction\":[{\"@type\":\"ReadAction\",\"target\":[\"https:\/\/protectiva.nl\/product\/formaldehyde-chemical-indicator-2\/\"]}]},{\"@type\":\"ImageObject\",\"inLanguage\":\"nl-NL\",\"@id\":\"https:\/\/protectiva.nl\/product\/formaldehyde-chemical-indicator-2\/#primaryimage\",\"url\":\"https:\/\/protectiva.nl\/wp-content\/uploads\/2025\/03\/4AFOI.jpg\",\"contentUrl\":\"https:\/\/protectiva.nl\/wp-content\/uploads\/2025\/03\/4AFOI.jpg\",\"width\":1000,\"height\":1000},{\"@type\":\"BreadcrumbList\",\"@id\":\"https:\/\/protectiva.nl\/product\/formaldehyde-chemical-indicator-2\/#breadcrumb\",\"itemListElement\":[{\"@type\":\"ListItem\",\"position\":1,\"name\":\"Home\",\"item\":\"https:\/\/protectiva.nl\/\"},{\"@type\":\"ListItem\",\"position\":2,\"name\":\"All Products\",\"item\":\"https:\/\/protectiva.nl\/shop\/\"},{\"@type\":\"ListItem\",\"position\":3,\"name\":\"Formaldehyde Chemical Indicator\"}]},{\"@type\":\"WebSite\",\"@id\":\"https:\/\/protectiva.nl\/#website\",\"url\":\"https:\/\/protectiva.nl\/\",\"name\":\"Protectiva.nl \u2013 Professionele Medische en Hygi\u00ebneproducten | CE &amp; ISO Gecertificeerd\",\"description\":\"Innovative Medical Solutions | Protectiva.nl biedt hoogwaardige medische en hygi\u00ebneproducten. Betrouwbare beschermingsmiddelen, sterilisatieoplossingen en gezondheidszorgbenodigdheden die voldoen aan CE- en ISO-normen voor ziekenhuizen en klinieken. De ideale keuze voor veilige en comfortabele zorgomgevingen.\",\"potentialAction\":[{\"@type\":\"SearchAction\",\"target\":{\"@type\":\"EntryPoint\",\"urlTemplate\":\"https:\/\/protectiva.nl\/?s={search_term_string}\"},\"query-input\":{\"@type\":\"PropertyValueSpecification\",\"valueRequired\":true,\"valueName\":\"search_term_string\"}}],\"inLanguage\":\"nl-NL\"}]}<\/script>\n<!-- \/ Yoast SEO plugin. -->","yoast_head_json":{"title":"Formaldehyde Chemical Indicator - Protectiva.nl \u2013 Professionele Medische en Hygi\u00ebneproducten | CE &amp; ISO Gecertificeerd","robots":{"index":"index","follow":"follow","max-snippet":"max-snippet:-1","max-image-preview":"max-image-preview:large","max-video-preview":"max-video-preview:-1"},"canonical":"https:\/\/protectiva.nl\/nl\/product\/formaldehyde-chemical-indicator-2\/","og_locale":"nl_NL","og_type":"article","og_title":"Formaldehyde Chemical Indicator - Protectiva.nl \u2013 Professionele Medische en Hygi\u00ebneproducten | CE &amp; ISO Gecertificeerd","og_description":"Data Sheet  4AFOI  Formaldehyde Indicators are indicators used inside sterilization pouch in formaldehyde sterilization. These indicators which are included in Type 4 according to ISO 11140 standarts give information to user whether material inside the package is steril or not.","og_url":"https:\/\/protectiva.nl\/nl\/product\/formaldehyde-chemical-indicator-2\/","og_site_name":"Protectiva.nl \u2013 Professionele Medische en Hygi\u00ebneproducten | CE &amp; ISO Gecertificeerd","article_modified_time":"2025-03-28T19:09:49+00:00","og_image":[{"width":1000,"height":1000,"url":"https:\/\/protectiva.nl\/wp-content\/uploads\/2025\/03\/4AFOI.jpg","type":"image\/jpeg"}],"twitter_card":"summary_large_image","twitter_misc":{"Geschatte leestijd":"1 minuut"},"schema":{"@context":"https:\/\/schema.org","@graph":[{"@type":"WebPage","@id":"https:\/\/protectiva.nl\/product\/formaldehyde-chemical-indicator-2\/","url":"https:\/\/protectiva.nl\/product\/formaldehyde-chemical-indicator-2\/","name":"Formaldehyde Chemical Indicator - Protectiva.nl \u2013 Professionele Medische en Hygi\u00ebneproducten | CE &amp; ISO Gecertificeerd","isPartOf":{"@id":"https:\/\/protectiva.nl\/#website"},"primaryImageOfPage":{"@id":"https:\/\/protectiva.nl\/product\/formaldehyde-chemical-indicator-2\/#primaryimage"},"image":{"@id":"https:\/\/protectiva.nl\/product\/formaldehyde-chemical-indicator-2\/#primaryimage"},"thumbnailUrl":"https:\/\/protectiva.nl\/wp-content\/uploads\/2025\/03\/4AFOI.jpg","datePublished":"2025-03-27T09:42:49+00:00","dateModified":"2025-03-28T19:09:49+00:00","breadcrumb":{"@id":"https:\/\/protectiva.nl\/product\/formaldehyde-chemical-indicator-2\/#breadcrumb"},"inLanguage":"nl-NL","potentialAction":[{"@type":"ReadAction","target":["https:\/\/protectiva.nl\/product\/formaldehyde-chemical-indicator-2\/"]}]},{"@type":"ImageObject","inLanguage":"nl-NL","@id":"https:\/\/protectiva.nl\/product\/formaldehyde-chemical-indicator-2\/#primaryimage","url":"https:\/\/protectiva.nl\/wp-content\/uploads\/2025\/03\/4AFOI.jpg","contentUrl":"https:\/\/protectiva.nl\/wp-content\/uploads\/2025\/03\/4AFOI.jpg","width":1000,"height":1000},{"@type":"BreadcrumbList","@id":"https:\/\/protectiva.nl\/product\/formaldehyde-chemical-indicator-2\/#breadcrumb","itemListElement":[{"@type":"ListItem","position":1,"name":"Home","item":"https:\/\/protectiva.nl\/"},{"@type":"ListItem","position":2,"name":"All Products","item":"https:\/\/protectiva.nl\/shop\/"},{"@type":"ListItem","position":3,"name":"Formaldehyde Chemical Indicator"}]},{"@type":"WebSite","@id":"https:\/\/protectiva.nl\/#website","url":"https:\/\/protectiva.nl\/","name":"Protectiva.nl \u2013 Professionele Medische en Hygi\u00ebneproducten | CE &amp; ISO Gecertificeerd","description":"Innovative Medical Solutions | Protectiva.nl biedt hoogwaardige medische en hygi\u00ebneproducten. Betrouwbare beschermingsmiddelen, sterilisatieoplossingen en gezondheidszorgbenodigdheden die voldoen aan CE- en ISO-normen voor ziekenhuizen en klinieken. De ideale keuze voor veilige en comfortabele zorgomgevingen.","potentialAction":[{"@type":"SearchAction","target":{"@type":"EntryPoint","urlTemplate":"https:\/\/protectiva.nl\/?s={search_term_string}"},"query-input":{"@type":"PropertyValueSpecification","valueRequired":true,"valueName":"search_term_string"}}],"inLanguage":"nl-NL"}]}},"_links":{"self":[{"href":"https:\/\/protectiva.nl\/nl\/wp-json\/wp\/v2\/product\/18472","targetHints":{"allow":["GET"]}}],"collection":[{"href":"https:\/\/protectiva.nl\/nl\/wp-json\/wp\/v2\/product"}],"about":[{"href":"https:\/\/protectiva.nl\/nl\/wp-json\/wp\/v2\/types\/product"}],"replies":[{"embeddable":true,"href":"https:\/\/protectiva.nl\/nl\/wp-json\/wp\/v2\/comments?post=18472"}],"wp:featuredmedia":[{"embeddable":true,"href":"https:\/\/protectiva.nl\/nl\/wp-json\/wp\/v2\/media\/18215"}],"wp:attachment":[{"href":"https:\/\/protectiva.nl\/nl\/wp-json\/wp\/v2\/media?parent=18472"}],"wp:term":[{"taxonomy":"product_brand","embeddable":true,"href":"https:\/\/protectiva.nl\/nl\/wp-json\/wp\/v2\/product_brand?post=18472"},{"taxonomy":"product_cat","embeddable":true,"href":"https:\/\/protectiva.nl\/nl\/wp-json\/wp\/v2\/product_cat?post=18472"},{"taxonomy":"product_tag","embeddable":true,"href":"https:\/\/protectiva.nl\/nl\/wp-json\/wp\/v2\/product_tag?post=18472"}],"curies":[{"name":"wp","href":"https:\/\/api.w.org\/{rel}","templated":true}]}}