{"id":18491,"date":"2025-03-27T10:38:39","date_gmt":"2025-03-27T10:38:39","guid":{"rendered":"https:\/\/protectiva.pl\/?post_type=product&#038;p=18491"},"modified":"2025-03-28T19:09:48","modified_gmt":"2025-03-28T19:09:48","slug":"protein-test-2","status":"publish","type":"product","link":"https:\/\/protectiva.nl\/nl\/product\/protein-test-2\/","title":{"rendered":"Eiwittest"},"content":{"rendered":"<p data-sourcepos=\"15:1-15:24\"><strong>TECHNISCH GEGEVENSBLAD<\/strong><\/p>\n<p data-sourcepos=\"17:1-17:16\"><strong>PROTEIN TEST<\/strong><\/p>\n<p data-sourcepos=\"3:1-3:23\"><strong>PRODUCTCODE:<\/strong> 4APRO<\/p>\n<p data-sourcepos=\"5:1-5:94\"><strong>GERELATEERDE STANDAARDEN:<\/strong> 4A Medical PRO Test is under the scope of ISO 13485 and 9001 standards.<\/p>\n<p data-sourcepos=\"7:1-7:143\"><strong>BEOOGD GEBRUIK:<\/strong> Pro test is used to control whether the cleaning process is successful or not and if there is protein residue on the surface.<\/p>\n<p data-sourcepos=\"9:1-9:911\"><strong>BEDRIJFSOMSTANDIGHEDEN:<\/strong> It is necessary to wear gloves in case of contaminations due to the user before starting the analysis. The cotton bud which is present inside the test kit is rubbed onto the parts of the medical and surgical instruments that are suspected to have protein residue, in order to transfer the residue onto the cotton bud. If the residue is dry, it can be soaked with pure water and the process can be repeated. After, the cotton bud is put into the violet-capped tube and shaken for 5 seconds. After shaking, the tube is placed upside down on a flat floor. After 3 minutes, if there is a violet-pink color on the bud or in the fluid, it shows that there is protein on the suspected medical\/surgical instrument. An excessive amount of protein on the region that the test is applied may turn the fluid completely violet. The color change after 3 minutes must not be taken into consideration.<\/p>\n<p data-sourcepos=\"11:1-11:185\"><strong>OPSLAG EN VERWIJDERING:<\/strong> Test kit must be stored in a dark room without humidity at 4-20 \u00b0C. Expiration date is due to 18 months after the production date. Each box contains 24 pieces.<\/p>\n<p data-sourcepos=\"13:1-13:29\"><strong>VERPAKKING:<\/strong> 24 pcs in box.<\/p>\n<table style=\"height: 57px\" border=\"0\" width=\"749\">\n<thead>\n<tr>\n<th>Productnaam<\/th>\n<th>AANTAL<\/th>\n<th>Maat<\/th>\n<\/tr>\n<\/thead>\n<tbody>\n<tr>\n<td>Eiwittest<\/td>\n<td>1X<\/td>\n<td>24 PCS<\/td>\n<\/tr>\n<\/tbody>\n<\/table>\n<p data-sourcepos=\"19:1-19:24\">\n<p>&nbsp;<\/p>\n<p data-sourcepos=\"19:1-19:24\">","protected":false},"excerpt":{"rendered":"<ul>\n<li>Gegevensblad<\/li>\n<li><a href=\"https:\/\/protectiva.nl\/wp-content\/uploads\/2025\/03\/4APRO.pdf\">4APRO<\/a><\/li>\n<\/ul>\n<p>De door ons ontwikkelde Pro Test is een indicator die veilig in ziekenhuizen kan worden gebruikt om de effectiviteit van de was- en desinfectieprocessen v\u00f3\u00f3r sterilisatie te bepalen. Eiwitresten op medische apparatuur worden geprofileerd door bacteri\u00ebn, wat resulteert in een toename van het aantal bacteri\u00ebn, wat een goede sterilisatie belemmert. Bovendien vormen deze resten op deze medische apparatuur een teken van levensvormen die een infectierisico vormen. Om dit soort infecties te voorkomen, is identificatie en reiniging van eiwitresten verplicht.<\/p>","protected":false},"featured_media":18218,"comment_status":"open","ping_status":"closed","template":"","meta":[],"product_brand":[],"product_cat":[109,187],"product_tag":[],"class_list":{"0":"post-18491","1":"product","2":"type-product","3":"status-publish","4":"has-post-thumbnail","6":"product_cat-sterilization-n","7":"product_cat-washer-control-products","9":"first","10":"instock","11":"shipping-taxable","12":"product-type-grouped","13":"add-to-wishlist-after_add_to_cart"},"yoast_head":"<!-- This site is optimized with the Yoast SEO plugin v25.3 - https:\/\/yoast.com\/wordpress\/plugins\/seo\/ -->\n<title>Protein Test - Protectiva.nl \u2013 Professionele Medische en Hygi\u00ebneproducten | CE &amp; ISO Gecertificeerd<\/title>\n<meta name=\"robots\" content=\"index, follow, max-snippet:-1, max-image-preview:large, max-video-preview:-1\" \/>\n<link rel=\"canonical\" href=\"https:\/\/protectiva.nl\/nl\/product\/protein-test-2\/\" \/>\n<meta property=\"og:locale\" content=\"nl_NL\" \/>\n<meta property=\"og:type\" content=\"article\" \/>\n<meta property=\"og:title\" content=\"Protein Test - Protectiva.nl \u2013 Professionele Medische en Hygi\u00ebneproducten | CE &amp; ISO Gecertificeerd\" \/>\n<meta property=\"og:description\" content=\"Data Sheet  4APRO  Pro Test which is developed by our company, is an indicator which can be used safely at hospitals to determinate the effectiveness of the washing disinfection operations before sterilization. Protein residues on medical equipment are profiled by bacteries which results with an increase in the number of bacteria that causes a drawback for a proper sterilization. In addition, these kind of residues on these medical equipment are the sign of life forms that causes the risk for infection. To prevent these kind of infections, identification and cleaning of protein residues are obligatory.\" \/>\n<meta property=\"og:url\" content=\"https:\/\/protectiva.nl\/nl\/product\/protein-test-2\/\" \/>\n<meta property=\"og:site_name\" content=\"Protectiva.nl \u2013 Professionele Medische en Hygi\u00ebneproducten | CE &amp; ISO Gecertificeerd\" \/>\n<meta property=\"article:modified_time\" content=\"2025-03-28T19:09:48+00:00\" \/>\n<meta property=\"og:image\" content=\"https:\/\/protectiva.nl\/wp-content\/uploads\/2025\/03\/4APRO.jpg\" \/>\n\t<meta property=\"og:image:width\" content=\"1000\" \/>\n\t<meta property=\"og:image:height\" content=\"1000\" \/>\n\t<meta property=\"og:image:type\" content=\"image\/jpeg\" \/>\n<meta name=\"twitter:card\" content=\"summary_large_image\" \/>\n<meta name=\"twitter:label1\" content=\"Geschatte leestijd\" \/>\n\t<meta name=\"twitter:data1\" content=\"1 minuut\" \/>\n<script type=\"application\/ld+json\" class=\"yoast-schema-graph\">{\"@context\":\"https:\/\/schema.org\",\"@graph\":[{\"@type\":\"WebPage\",\"@id\":\"https:\/\/protectiva.nl\/product\/protein-test-2\/\",\"url\":\"https:\/\/protectiva.nl\/product\/protein-test-2\/\",\"name\":\"Protein Test - Protectiva.nl \u2013 Professionele Medische en Hygi\u00ebneproducten | CE &amp; ISO Gecertificeerd\",\"isPartOf\":{\"@id\":\"https:\/\/protectiva.nl\/#website\"},\"primaryImageOfPage\":{\"@id\":\"https:\/\/protectiva.nl\/product\/protein-test-2\/#primaryimage\"},\"image\":{\"@id\":\"https:\/\/protectiva.nl\/product\/protein-test-2\/#primaryimage\"},\"thumbnailUrl\":\"https:\/\/protectiva.nl\/wp-content\/uploads\/2025\/03\/4APRO.jpg\",\"datePublished\":\"2025-03-27T10:38:39+00:00\",\"dateModified\":\"2025-03-28T19:09:48+00:00\",\"breadcrumb\":{\"@id\":\"https:\/\/protectiva.nl\/product\/protein-test-2\/#breadcrumb\"},\"inLanguage\":\"nl-NL\",\"potentialAction\":[{\"@type\":\"ReadAction\",\"target\":[\"https:\/\/protectiva.nl\/product\/protein-test-2\/\"]}]},{\"@type\":\"ImageObject\",\"inLanguage\":\"nl-NL\",\"@id\":\"https:\/\/protectiva.nl\/product\/protein-test-2\/#primaryimage\",\"url\":\"https:\/\/protectiva.nl\/wp-content\/uploads\/2025\/03\/4APRO.jpg\",\"contentUrl\":\"https:\/\/protectiva.nl\/wp-content\/uploads\/2025\/03\/4APRO.jpg\",\"width\":1000,\"height\":1000},{\"@type\":\"BreadcrumbList\",\"@id\":\"https:\/\/protectiva.nl\/product\/protein-test-2\/#breadcrumb\",\"itemListElement\":[{\"@type\":\"ListItem\",\"position\":1,\"name\":\"Home\",\"item\":\"https:\/\/protectiva.nl\/\"},{\"@type\":\"ListItem\",\"position\":2,\"name\":\"All Products\",\"item\":\"https:\/\/protectiva.nl\/shop\/\"},{\"@type\":\"ListItem\",\"position\":3,\"name\":\"Protein Test\"}]},{\"@type\":\"WebSite\",\"@id\":\"https:\/\/protectiva.nl\/#website\",\"url\":\"https:\/\/protectiva.nl\/\",\"name\":\"Protectiva.nl \u2013 Professionele Medische en Hygi\u00ebneproducten | CE &amp; ISO Gecertificeerd\",\"description\":\"Innovative Medical Solutions | Protectiva.nl biedt hoogwaardige medische en hygi\u00ebneproducten. Betrouwbare beschermingsmiddelen, sterilisatieoplossingen en gezondheidszorgbenodigdheden die voldoen aan CE- en ISO-normen voor ziekenhuizen en klinieken. De ideale keuze voor veilige en comfortabele zorgomgevingen.\",\"potentialAction\":[{\"@type\":\"SearchAction\",\"target\":{\"@type\":\"EntryPoint\",\"urlTemplate\":\"https:\/\/protectiva.nl\/?s={search_term_string}\"},\"query-input\":{\"@type\":\"PropertyValueSpecification\",\"valueRequired\":true,\"valueName\":\"search_term_string\"}}],\"inLanguage\":\"nl-NL\"}]}<\/script>\n<!-- \/ Yoast SEO plugin. -->","yoast_head_json":{"title":"Protein Test - Protectiva.nl \u2013 Professionele Medische en Hygi\u00ebneproducten | CE &amp; ISO Gecertificeerd","robots":{"index":"index","follow":"follow","max-snippet":"max-snippet:-1","max-image-preview":"max-image-preview:large","max-video-preview":"max-video-preview:-1"},"canonical":"https:\/\/protectiva.nl\/nl\/product\/protein-test-2\/","og_locale":"nl_NL","og_type":"article","og_title":"Protein Test - Protectiva.nl \u2013 Professionele Medische en Hygi\u00ebneproducten | CE &amp; ISO Gecertificeerd","og_description":"Data Sheet  4APRO  Pro Test which is developed by our company, is an indicator which can be used safely at hospitals to determinate the effectiveness of the washing disinfection operations before sterilization. Protein residues on medical equipment are profiled by bacteries which results with an increase in the number of bacteria that causes a drawback for a proper sterilization. In addition, these kind of residues on these medical equipment are the sign of life forms that causes the risk for infection. To prevent these kind of infections, identification and cleaning of protein residues are obligatory.","og_url":"https:\/\/protectiva.nl\/nl\/product\/protein-test-2\/","og_site_name":"Protectiva.nl \u2013 Professionele Medische en Hygi\u00ebneproducten | CE &amp; ISO Gecertificeerd","article_modified_time":"2025-03-28T19:09:48+00:00","og_image":[{"width":1000,"height":1000,"url":"https:\/\/protectiva.nl\/wp-content\/uploads\/2025\/03\/4APRO.jpg","type":"image\/jpeg"}],"twitter_card":"summary_large_image","twitter_misc":{"Geschatte leestijd":"1 minuut"},"schema":{"@context":"https:\/\/schema.org","@graph":[{"@type":"WebPage","@id":"https:\/\/protectiva.nl\/product\/protein-test-2\/","url":"https:\/\/protectiva.nl\/product\/protein-test-2\/","name":"Protein Test - Protectiva.nl \u2013 Professionele Medische en Hygi\u00ebneproducten | CE &amp; ISO Gecertificeerd","isPartOf":{"@id":"https:\/\/protectiva.nl\/#website"},"primaryImageOfPage":{"@id":"https:\/\/protectiva.nl\/product\/protein-test-2\/#primaryimage"},"image":{"@id":"https:\/\/protectiva.nl\/product\/protein-test-2\/#primaryimage"},"thumbnailUrl":"https:\/\/protectiva.nl\/wp-content\/uploads\/2025\/03\/4APRO.jpg","datePublished":"2025-03-27T10:38:39+00:00","dateModified":"2025-03-28T19:09:48+00:00","breadcrumb":{"@id":"https:\/\/protectiva.nl\/product\/protein-test-2\/#breadcrumb"},"inLanguage":"nl-NL","potentialAction":[{"@type":"ReadAction","target":["https:\/\/protectiva.nl\/product\/protein-test-2\/"]}]},{"@type":"ImageObject","inLanguage":"nl-NL","@id":"https:\/\/protectiva.nl\/product\/protein-test-2\/#primaryimage","url":"https:\/\/protectiva.nl\/wp-content\/uploads\/2025\/03\/4APRO.jpg","contentUrl":"https:\/\/protectiva.nl\/wp-content\/uploads\/2025\/03\/4APRO.jpg","width":1000,"height":1000},{"@type":"BreadcrumbList","@id":"https:\/\/protectiva.nl\/product\/protein-test-2\/#breadcrumb","itemListElement":[{"@type":"ListItem","position":1,"name":"Home","item":"https:\/\/protectiva.nl\/"},{"@type":"ListItem","position":2,"name":"All Products","item":"https:\/\/protectiva.nl\/shop\/"},{"@type":"ListItem","position":3,"name":"Protein Test"}]},{"@type":"WebSite","@id":"https:\/\/protectiva.nl\/#website","url":"https:\/\/protectiva.nl\/","name":"Protectiva.nl \u2013 Professionele Medische en Hygi\u00ebneproducten | CE &amp; ISO Gecertificeerd","description":"Innovative Medical Solutions | Protectiva.nl biedt hoogwaardige medische en hygi\u00ebneproducten. Betrouwbare beschermingsmiddelen, sterilisatieoplossingen en gezondheidszorgbenodigdheden die voldoen aan CE- en ISO-normen voor ziekenhuizen en klinieken. De ideale keuze voor veilige en comfortabele zorgomgevingen.","potentialAction":[{"@type":"SearchAction","target":{"@type":"EntryPoint","urlTemplate":"https:\/\/protectiva.nl\/?s={search_term_string}"},"query-input":{"@type":"PropertyValueSpecification","valueRequired":true,"valueName":"search_term_string"}}],"inLanguage":"nl-NL"}]}},"_links":{"self":[{"href":"https:\/\/protectiva.nl\/nl\/wp-json\/wp\/v2\/product\/18491","targetHints":{"allow":["GET"]}}],"collection":[{"href":"https:\/\/protectiva.nl\/nl\/wp-json\/wp\/v2\/product"}],"about":[{"href":"https:\/\/protectiva.nl\/nl\/wp-json\/wp\/v2\/types\/product"}],"replies":[{"embeddable":true,"href":"https:\/\/protectiva.nl\/nl\/wp-json\/wp\/v2\/comments?post=18491"}],"wp:featuredmedia":[{"embeddable":true,"href":"https:\/\/protectiva.nl\/nl\/wp-json\/wp\/v2\/media\/18218"}],"wp:attachment":[{"href":"https:\/\/protectiva.nl\/nl\/wp-json\/wp\/v2\/media?parent=18491"}],"wp:term":[{"taxonomy":"product_brand","embeddable":true,"href":"https:\/\/protectiva.nl\/nl\/wp-json\/wp\/v2\/product_brand?post=18491"},{"taxonomy":"product_cat","embeddable":true,"href":"https:\/\/protectiva.nl\/nl\/wp-json\/wp\/v2\/product_cat?post=18491"},{"taxonomy":"product_tag","embeddable":true,"href":"https:\/\/protectiva.nl\/nl\/wp-json\/wp\/v2\/product_tag?post=18491"}],"curies":[{"name":"wp","href":"https:\/\/api.w.org\/{rel}","templated":true}]}}